{"id":28,"date":"2018-11-15T21:57:04","date_gmt":"2018-11-15T20:57:04","guid":{"rendered":"https:\/\/kritischesgedenken.wordpress.com\/?page_id=5"},"modified":"2023-12-04T15:18:17","modified_gmt":"2023-12-04T14:18:17","slug":"startseite","status":"publish","type":"page","link":"https:\/\/kritischesgedenken.de\/startseite\/","title":{"rendered":"\u00dcber das Projekt"},"content":{"rendered":"\n<p>For an english version of this text, see <a href=\"https:\/\/kritischesgedenken.de\/?page_id=137\">here<\/a>.<\/p>\n\n\n<p align=\"JUSTIFY\">Die <i>initiative kritisches gedenken erlangen<\/i> hat sich im Januar 2019 gegr\u00fcndet um das <a href=\"https:\/\/kritischesgedenken.de\/?page_id=25\">antisemitische Attentat auf Shlomo Lewin und Frida Poeschke<\/a> aufzuarbeiten. Damit schlie\u00dfen wir an die Arbeit verschiedener Erlanger antifaschistischer Gruppen an, die seit 2011 jedes Jahr zum Jahrestag der Ermordung am 19. Dezember ein \u00f6ffentliches Gedenken in der Erlanger Innenstadt veranstaltet haben. Auf diese Weise sollen Lewin und Poeschke erinnert und die Verh\u00e4ltnisse angeklagt werden, die sie zu Opfern gemacht haben, bis heute fortexistieren und auf das Vergessen dr\u00e4ngen.<\/p>\n<p align=\"JUSTIFY\">Wir wollen eben diese Verh\u00e4ltnisse aus verschiedenen Perspektiven kritisch beleuchten. Dazu geh\u00f6rt die Analyse historischer und aktueller Erscheinungsformen des modernen Antisemitismus, sowie rechter Strukturen, also der konkreten T\u00e4terInnen und Unterst\u00fctzerInnen. Dar\u00fcber hinaus die Auseinandersetzung mit staatlichen Strukturen und ihrer Beziehung zu den Geschehnissen, sowohl was die Interpretation, als auch was die Aufkl\u00e4rung der Tat betrifft. Au\u00dferdem die Kritik des offiziellen Gedenkens, das der kollektiven Selbstbest\u00e4tigung verpflichtet ist.<\/p>\n<p align=\"JUSTIFY\">Zus\u00e4tzlich zur Organisation der j\u00e4hrlichen Gedenkveranstaltung in Erlangen werden wir die Ergebnisse unserer Arbeit in Form einer Brosch\u00fcre, einer Website und einer Ausstellung dokumentieren und zusammenf\u00fchren. Damit wollen wir dazu beitragen, den bis heute nicht vollst\u00e4ndig aufgekl\u00e4rten Fall auch \u00fcberregional in Erinnerung zu rufen und der historisch-politischen Bildungsarbeit zug\u00e4nglich zu machen.<\/p>\n<p align=\"JUSTIFY\">Zu diesem Zweck haben wir ein <a href=\"https:\/\/kritischesgedenken.de\/?page_id=53\">Selbstverst\u00e4ndnis<\/a>\u00a0ausgearbeitet, in dem wir darlegen, was wir unter kritischem Gedenken verstehen und wie sich unsere Praxis daraus ableitet. Eine zentraler Aspekt dieser theoretischen Grundlage ist, unsere eigene Praxis im Modus der kollektiven Selbstverunsicherung zu gestalten, der gegen die kollektive Selbstbest\u00e4tigung offiziellen Gedenkens gerichtet ist. Wir werden deshalb unsere Positionen und Perspektiven immer wieder neu mit anderen Gruppen und Akteur*innen diskutieren und diese auch in anderen thematischen Kontexten und Debatten einbringen.<\/p>","protected":false},"excerpt":{"rendered":"<p>For an english version of this text, see here. Die initiative kritisches gedenken erlangen hat sich im Januar 2019 gegr\u00fcndet um das antisemitische Attentat auf Shlomo Lewin und Frida Poeschke aufzuarbeiten. Damit schlie\u00dfen wir an die Arbeit verschiedener Erlanger antifaschistischer Gruppen an, die seit 2011 jedes Jahr zum Jahrestag der Ermordung am 19. Dezember ein<span class=\"post-excerpt-end\">&hellip;<\/span><\/p>\n<p class=\"more-link\"><a href=\"https:\/\/kritischesgedenken.de\/startseite\/\" class=\"themebutton\">Read More<\/a><\/p>\n","protected":false},"author":2,"featured_media":0,"parent":0,"menu_order":3,"comment_status":"closed","ping_status":"closed","template":"","meta":{"footnotes":""},"class_list":["post-28","page","type-page","status-publish","hentry"],"_links":{"self":[{"href":"https:\/\/kritischesgedenken.de\/wp-json\/wp\/v2\/pages\/28","targetHints":{"allow":["GET"]}}],"collection":[{"href":"https:\/\/kritischesgedenken.de\/wp-json\/wp\/v2\/pages"}],"about":[{"href":"https:\/\/kritischesgedenken.de\/wp-json\/wp\/v2\/types\/page"}],"author":[{"embeddable":true,"href":"https:\/\/kritischesgedenken.de\/wp-json\/wp\/v2\/users\/2"}],"replies":[{"embeddable":true,"href":"https:\/\/kritischesgedenken.de\/wp-json\/wp\/v2\/comments?post=28"}],"version-history":[{"count":5,"href":"https:\/\/kritischesgedenken.de\/wp-json\/wp\/v2\/pages\/28\/revisions"}],"predecessor-version":[{"id":497,"href":"https:\/\/kritischesgedenken.de\/wp-json\/wp\/v2\/pages\/28\/revisions\/497"}],"wp:attachment":[{"href":"https:\/\/kritischesgedenken.de\/wp-json\/wp\/v2\/media?parent=28"}],"curies":[{"name":"wp","href":"https:\/\/api.w.org\/{rel}","templated":true}]}}